{"id":569,"date":"2022-11-29T16:58:06","date_gmt":"2022-11-29T15:58:06","guid":{"rendered":"https:\/\/alexander-einsiedel.de\/en\/?page_id=569"},"modified":"2022-11-29T17:05:15","modified_gmt":"2022-11-29T16:05:15","slug":"privacy-policy","status":"publish","type":"page","link":"https:\/\/alexander-einsiedel.de\/en\/privacy-policy\/","title":{"rendered":"Privacy Policy"},"content":{"rendered":"\n<h2 class=\"eplus-wrapper wp-block-heading\"><strong>Privacy Policy<\/strong><\/h2>\n\n\n\n<p class=\" eplus-wrapper\"><strong>1<\/strong> <strong>Datenschutz auf einen Blick<\/strong>&nbsp;<\/p>\n\n\n\n<p class=\" eplus-wrapper\">Diese Website (nachfolgend\u202f<em>\u201eWebsite\u201c<\/em>) wird bereitgestellt von Alexander Einsiedel, Hauptstra\u00dfe 75, D-04849 Lau\u00dfig (nachfolgend\u202f<em>\u201euns\u201c oder \u201ewir\u201c<\/em>).&nbsp;<\/p>\n\n\n\n<p class=\" eplus-wrapper\"><strong>1.1<\/strong> <strong>Datenerfassung auf unserer Website<\/strong>&nbsp;<\/p>\n\n\n\n<p class=\" eplus-wrapper\"><strong>1.1.1<\/strong> <strong>Aufruf der Webseite<\/strong>&nbsp;<\/p>\n\n\n\n<p class=\" eplus-wrapper\">Wenn Sie unsere Website aufrufen, \u00fcbertr\u00e4gt Ihr Browser technisch bedingt bestimmte Daten an unseren Webserver, um Ihnen die von Ihnen aufgerufenen Informationen zur Verf\u00fcgung zu stellen. Um Ihnen den Besuch der Website zu erm\u00f6glichen, werden dabei folgende Daten erhoben, kurzfristig gespeichert und verwendet:&nbsp;<\/p>\n\n\n<ul class=\"eplus-wrapper wp-block-list eplus-styles-uid-274571\">\n<li class=\" eplus-wrapper\">Browsertyp und Browserversion\u00a0<\/li>\n\n\n\n<li class=\" eplus-wrapper\">verwendetes Betriebssystem\u00a0<\/li>\n\n\n\n<li class=\" eplus-wrapper\">Referrer URL\u00a0<\/li>\n\n\n\n<li class=\" eplus-wrapper\">Hostname des zugreifenden Rechners\u00a0<\/li>\n\n\n\n<li class=\" eplus-wrapper\">Datum und Uhrzeit der Serveranfrage\u00a0<\/li>\n\n\n\n<li class=\" eplus-wrapper\">IP-Adresse\u00a0<\/li>\n<\/ul>\n\n\n<p class=\" eplus-wrapper\">Diese Daten speichern wir zur Wahrung unserer berechtigten Interessen f\u00fcr eine begrenzte Zeit, um im Falle unzul\u00e4ssiger Zugriffe bzw. Zugriffsversuche auf hiesige Server, eine Herleitung zu personenbezogenen Daten zu veranlassen (Art. 6(1)(f) Datenschutz-Grundverordnung).&nbsp;<\/p>\n\n\n\n<p class=\" eplus-wrapper\"><strong>1.1.2<\/strong> <strong>Einsatz von Cookies<\/strong>&nbsp;<\/p>\n\n\n\n<p class=\" eplus-wrapper\">Die Internetseiten verwenden teilweise so genannte Cookies. Cookies richten auf Ihrem Rechner keinen Schaden an und enthalten keine Viren. Cookies dienen dazu, unser Angebot nutzerfreundlicher, effektiver und sicherer zu machen. Cookies sind kleine Textdateien, die auf Ihrem Rechner abgelegt werden und die Ihr Browser speichert.&nbsp;<\/p>\n\n\n\n<p class=\" eplus-wrapper\">Die meisten der von uns verwendeten Cookies sind so genannte \u201cSession-Cookies\u201d. Sie werden nach Ende Ihres Besuchs automatisch gel\u00f6scht. Andere Cookies bleiben auf Ihrem Endger\u00e4t gespeichert bis Sie diese l\u00f6schen. Diese Cookies erm\u00f6glichen es uns, Ihren Browser beim n\u00e4chsten Besuch wiederzuerkennen.&nbsp;<\/p>\n\n\n\n<p class=\" eplus-wrapper\">Sie k\u00f6nnen Ihren Browser so einstellen, dass Sie \u00fcber das Setzen von Cookies informiert werden und Cookies nur im Einzelfall erlauben, die Annahme von Cookies f\u00fcr bestimmte F\u00e4lle oder generell ausschlie\u00dfen sowie das automatische L\u00f6schen der Cookies beim Schlie\u00dfen des Browsers aktivieren. Bei der Deaktivierung von Cookies kann die Funktionalit\u00e4t dieser Website eingeschr\u00e4nkt sein.&nbsp;<\/p>\n\n\n\n<p class=\" eplus-wrapper\">Cookies, die zur Durchf\u00fchrung des elektronischen Kommunikationsvorgangs oder zur Bereitstellung bestimmter, von Ihnen erw\u00fcnschter Funktionen (z.B. Warenkorbfunktion) erforderlich sind, werden auf Grundlage von Art. 6 Abs. 1 lit. f DSGVO gespeichert. Der Websitebetreiber hat ein berechtigtes Interesse an der Speicherung von Cookies zur technisch fehlerfreien und optimierten Bereitstellung seiner Dienste. Soweit andere Cookies (z.B. Cookies zur Analyse Ihres Surfverhaltens) gespeichert werden, werden diese in dieser Datenschutzerkl\u00e4rung gesondert behandelt.&nbsp;<\/p>\n\n\n\n<p class=\" eplus-wrapper\"><strong>1.2<\/strong> <strong>Information \u00fcber Ihre Rechte<\/strong>&nbsp;<\/p>\n\n\n\n<p class=\" eplus-wrapper\">Die folgenden Rechte stehen Ihnen aufgrund der anwendbaren Datenschutzgesetze zur Verf\u00fcgung:&nbsp;<\/p>\n\n\n<ul class=\"eplus-wrapper wp-block-list eplus-styles-uid-861f16\">\n<li class=\" eplus-wrapper\">Recht auf Auskunft \u00fcber die bei uns zu Ihrer Person gespeicherten Daten;\u00a0<\/li>\n\n\n\n<li class=\" eplus-wrapper\">Recht auf Berichtigung, L\u00f6schung oder Einschr\u00e4nkung der Verarbeitung Ihrer personenbezogenen Daten;\u00a0<\/li>\n\n\n\n<li class=\" eplus-wrapper\">Recht auf Widerspruch gegen eine Verarbeitung, die unserem berechtigten Interesse, einem \u00f6ffentlichen Interesse oder einem Profiling dient, es sei denn, wir k\u00f6nnen zwingende schutzw\u00fcrdige Gr\u00fcnde f\u00fcr die Verarbeitung nachweisen, die Ihre Interessen, Rechte und Freiheiten \u00fcberwiegen, oder die Verarbeitung dient der Geltendmachung, Aus\u00fcbung oder Verteidigung von Rechtsanspr\u00fcchen;\u00a0<\/li>\n\n\n\n<li class=\" eplus-wrapper\">Recht auf Daten\u00fcbertragbarkeit;\u00a0<\/li>\n\n\n\n<li class=\" eplus-wrapper\">Recht sich bei einer Aufsichtsbeh\u00f6rde zu beschweren;\u00a0<\/li>\n<\/ul>\n\n<ul class=\"eplus-wrapper wp-block-list eplus-styles-uid-cc81e1\">\n<li class=\" eplus-wrapper\">Von Ihnen erteilte Einwilligungen zur Erhebung, Verarbeitung und Nutzung Ihrer personenbezogenen Daten k\u00f6nnen Sie jederzeit mit Wirkung f\u00fcr die Zukunft widerrufen. N\u00e4here Informationen hierzu finden Sie in den jeweiligen Abschnitten oben, wo eine Datenverarbeitung auf Grundlage Ihrer Einwilligung beschrieben wird.\u00a0<\/li>\n<\/ul>\n\n\n<p class=\" eplus-wrapper\">Falls Sie von Ihren Rechten Gebrauch machen m\u00f6chten, richten Sie bitte Ihr Anliegen an den unten genannten\u202fAnsprechpartner.&nbsp;<\/p>\n\n\n\n<p class=\" eplus-wrapper\"><strong>1.3<\/strong> <strong>Kontakt<\/strong>&nbsp;<\/p>\n\n\n\n<p class=\" eplus-wrapper\">F\u00fcr Ihre Anliegen zum Datenschutz kontaktieren Sie uns bitte unter folgender Adresse:&nbsp;<\/p>\n\n\n\n<p class=\" eplus-wrapper\">Alexander Einsiedel&nbsp;<br>Hauptstra\u00dfe 75&nbsp;<br>D-04849 Lau\u00dfig&nbsp;<\/p>\n\n\n\n<p class=\" eplus-wrapper\"><strong>1.4<\/strong> <strong>Widerspruch gegen Werbesendungen<\/strong>&nbsp;<\/p>\n\n\n\n<p class=\" eplus-wrapper\">Der Nutzung von im Rahmen der Impressumspflicht ver\u00f6ffentlichten Kontaktdaten zur \u00dcbersendung von nicht ausdr\u00fccklich angeforderter Werbung und Informationsmaterialien wird hiermit widersprochen.&nbsp;<\/p>\n\n\n\n<p class=\" eplus-wrapper\"><strong>1.5<\/strong> <strong>Anpassung der Datenschutzerkl\u00e4rung<\/strong>&nbsp;<\/p>\n\n\n\n<p class=\" eplus-wrapper\">Wir behalten uns vor, diese Datenschutzerkl\u00e4rung von Zeit zu Zeit zu aktualisieren. Aktualisierungen dieser Datenschutzerkl\u00e4rung werden auf unserer Website ver\u00f6ffentlicht. \u00c4nderungen gelten ab ihrer Publikation auf unserer Website. Wir empfehlen Ihnen daher, diese Seite regelm\u00e4\u00dfig zu besuchen, um sich \u00fcber gegebenenfalls erfolgte Aktualisierungen zu informieren.&nbsp;<\/p>\n\n\n\n<p class=\" eplus-wrapper\"><strong>Stand: 23.09.2022<\/strong>&nbsp;<\/p>\n","protected":false},"excerpt":{"rendered":"<p>Privacy Policy 1 Datenschutz auf einen Blick&nbsp; Diese Website (nachfolgend\u202f\u201eWebsite\u201c) wird bereitgestellt von Alexander Einsiedel, Hauptstra\u00dfe 75, D-04849 Lau\u00dfig (nachfolgend\u202f\u201euns\u201c [&hellip;]<\/p>\n","protected":false},"author":1,"featured_media":0,"parent":0,"menu_order":0,"comment_status":"closed","ping_status":"closed","template":"","meta":{"editor_plus_copied_stylings":"{}","footnotes":""},"class_list":["post-569","page","type-page","status-publish","hentry"],"_links":{"self":[{"href":"https:\/\/alexander-einsiedel.de\/en\/wp-json\/wp\/v2\/pages\/569","targetHints":{"allow":["GET"]}}],"collection":[{"href":"https:\/\/alexander-einsiedel.de\/en\/wp-json\/wp\/v2\/pages"}],"about":[{"href":"https:\/\/alexander-einsiedel.de\/en\/wp-json\/wp\/v2\/types\/page"}],"author":[{"embeddable":true,"href":"https:\/\/alexander-einsiedel.de\/en\/wp-json\/wp\/v2\/users\/1"}],"replies":[{"embeddable":true,"href":"https:\/\/alexander-einsiedel.de\/en\/wp-json\/wp\/v2\/comments?post=569"}],"version-history":[{"count":4,"href":"https:\/\/alexander-einsiedel.de\/en\/wp-json\/wp\/v2\/pages\/569\/revisions"}],"predecessor-version":[{"id":573,"href":"https:\/\/alexander-einsiedel.de\/en\/wp-json\/wp\/v2\/pages\/569\/revisions\/573"}],"wp:attachment":[{"href":"https:\/\/alexander-einsiedel.de\/en\/wp-json\/wp\/v2\/media?parent=569"}],"curies":[{"name":"wp","href":"https:\/\/api.w.org\/{rel}","templated":true}]}}